{"id":53,"date":"2020-06-23T18:09:31","date_gmt":"2020-06-23T18:09:31","guid":{"rendered":"http:\/\/3dreality.freelinelab.pl\/about\/"},"modified":"2022-08-26T12:52:27","modified_gmt":"2022-08-26T10:52:27","slug":"o-nas","status":"publish","type":"page","link":"https:\/\/hbpremium.pl\/3dreality\/o-nas\/","title":{"rendered":"O nas"},"content":{"rendered":"\t\t<div data-elementor-type=\"wp-page\" data-elementor-id=\"53\" class=\"elementor elementor-53\" data-elementor-settings=\"[]\">\n\t\t\t\t\t\t\t<div class=\"elementor-section-wrap\">\n\t\t\t\t\t\t\t<section class=\"elementor-section elementor-top-section elementor-element elementor-element-3fb8fd8 elementor-section-height-min-height elementor-section-boxed elementor-section-height-default elementor-section-items-middle\" data-id=\"3fb8fd8\" data-element_type=\"section\" data-settings=\"{&quot;background_background&quot;:&quot;classic&quot;}\">\n\t\t\t\t\t\t\t<div class=\"elementor-background-overlay\"><\/div>\n\t\t\t\t\t\t\t<div class=\"elementor-container elementor-column-gap-no\">\n\t\t\t\t\t<div class=\"elementor-column elementor-col-100 elementor-top-column elementor-element elementor-element-cc54156\" data-id=\"cc54156\" data-element_type=\"column\">\n\t\t\t<div class=\"elementor-widget-wrap elementor-element-populated\">\n\t\t\t\t\t\t\t\t<div class=\"elementor-element elementor-element-f0d2cb7 elementor-widget elementor-widget-heading\" data-id=\"f0d2cb7\" data-element_type=\"widget\" data-widget_type=\"heading.default\">\n\t\t\t\t<div class=\"elementor-widget-container\">\n\t\t\t<style>\/*! elementor - v3.5.5 - 03-02-2022 *\/\n.elementor-heading-title{padding:0;margin:0;line-height:1}.elementor-widget-heading .elementor-heading-title[class*=elementor-size-]>a{color:inherit;font-size:inherit;line-height:inherit}.elementor-widget-heading .elementor-heading-title.elementor-size-small{font-size:15px}.elementor-widget-heading .elementor-heading-title.elementor-size-medium{font-size:19px}.elementor-widget-heading .elementor-heading-title.elementor-size-large{font-size:29px}.elementor-widget-heading .elementor-heading-title.elementor-size-xl{font-size:39px}.elementor-widget-heading .elementor-heading-title.elementor-size-xxl{font-size:59px}<\/style><h1 class=\"elementor-heading-title elementor-size-default\">O nas<\/h1>\t\t<\/div>\n\t\t\t\t<\/div>\n\t\t\t\t\t<\/div>\n\t\t<\/div>\n\t\t\t\t\t\t\t<\/div>\n\t\t<\/section>\n\t\t\t\t<section class=\"elementor-section elementor-top-section elementor-element elementor-element-d5a9a3b elementor-section-boxed elementor-section-height-default elementor-section-height-default\" data-id=\"d5a9a3b\" data-element_type=\"section\" data-settings=\"{&quot;background_background&quot;:&quot;classic&quot;}\">\n\t\t\t\t\t\t<div class=\"elementor-container elementor-column-gap-no\">\n\t\t\t\t\t<div class=\"elementor-column elementor-col-100 elementor-top-column elementor-element elementor-element-c3b30e1\" data-id=\"c3b30e1\" data-element_type=\"column\">\n\t\t\t<div class=\"elementor-widget-wrap\">\n\t\t\t\t\t\t\t\t\t<\/div>\n\t\t<\/div>\n\t\t\t\t\t\t\t<\/div>\n\t\t<\/section>\n\t\t\t\t<section class=\"elementor-section elementor-top-section elementor-element elementor-element-56947be elementor-section-boxed elementor-section-height-default elementor-section-height-default\" data-id=\"56947be\" data-element_type=\"section\">\n\t\t\t\t\t\t<div class=\"elementor-container elementor-column-gap-default\">\n\t\t\t\t\t<div class=\"elementor-column elementor-col-50 elementor-top-column elementor-element elementor-element-fdb2c33\" data-id=\"fdb2c33\" data-element_type=\"column\">\n\t\t\t<div class=\"elementor-widget-wrap elementor-element-populated\">\n\t\t\t\t\t\t\t\t<div class=\"elementor-element elementor-element-fbebb39 elementor-widget elementor-widget-image\" data-id=\"fbebb39\" data-element_type=\"widget\" data-widget_type=\"image.default\">\n\t\t\t\t<div class=\"elementor-widget-container\">\n\t\t\t<style>\/*! elementor - v3.5.5 - 03-02-2022 *\/\n.elementor-widget-image{text-align:center}.elementor-widget-image a{display:inline-block}.elementor-widget-image a img[src$=\".svg\"]{width:48px}.elementor-widget-image img{vertical-align:middle;display:inline-block}<\/style>\t\t\t\t\t\t\t\t\t\t\t\t<img width=\"633\" height=\"1024\" src=\"https:\/\/hbpremium.pl\/3dreality\/wp-content\/uploads\/2022\/01\/o-nas-633x1024.jpg\" class=\"attachment-large size-large\" alt=\"\" loading=\"lazy\" srcset=\"https:\/\/hbpremium.pl\/3dreality\/wp-content\/uploads\/2022\/01\/o-nas-633x1024.jpg 633w, https:\/\/hbpremium.pl\/3dreality\/wp-content\/uploads\/2022\/01\/o-nas-185x300.jpg 185w, https:\/\/hbpremium.pl\/3dreality\/wp-content\/uploads\/2022\/01\/o-nas-768x1242.jpg 768w, https:\/\/hbpremium.pl\/3dreality\/wp-content\/uploads\/2022\/01\/o-nas-950x1536.jpg 950w, https:\/\/hbpremium.pl\/3dreality\/wp-content\/uploads\/2022\/01\/o-nas.jpg 1129w\" sizes=\"(max-width: 633px) 100vw, 633px\" \/>\t\t\t\t\t\t\t\t\t\t\t\t\t\t\t<\/div>\n\t\t\t\t<\/div>\n\t\t\t\t\t<\/div>\n\t\t<\/div>\n\t\t\t\t<div class=\"elementor-column elementor-col-50 elementor-top-column elementor-element elementor-element-ce7527d\" data-id=\"ce7527d\" data-element_type=\"column\">\n\t\t\t<div class=\"elementor-widget-wrap elementor-element-populated\">\n\t\t\t\t\t\t\t\t<div class=\"elementor-element elementor-element-872a9b9 elementor-widget elementor-widget-heading\" data-id=\"872a9b9\" data-element_type=\"widget\" data-widget_type=\"heading.default\">\n\t\t\t\t<div class=\"elementor-widget-container\">\n\t\t\t<h4 class=\"elementor-heading-title elementor-size-default\">Wirtualne spacery to nasza specjalno\u015b\u0107<\/h4>\t\t<\/div>\n\t\t\t\t<\/div>\n\t\t\t\t<div class=\"elementor-element elementor-element-77cbfac elementor-widget elementor-widget-text-editor\" data-id=\"77cbfac\" data-element_type=\"widget\" data-widget_type=\"text-editor.default\">\n\t\t\t\t<div class=\"elementor-widget-container\">\n\t\t\t<style>\/*! elementor - v3.5.5 - 03-02-2022 *\/\n.elementor-widget-text-editor.elementor-drop-cap-view-stacked .elementor-drop-cap{background-color:#818a91;color:#fff}.elementor-widget-text-editor.elementor-drop-cap-view-framed .elementor-drop-cap{color:#818a91;border:3px solid;background-color:transparent}.elementor-widget-text-editor:not(.elementor-drop-cap-view-default) .elementor-drop-cap{margin-top:8px}.elementor-widget-text-editor:not(.elementor-drop-cap-view-default) .elementor-drop-cap-letter{width:1em;height:1em}.elementor-widget-text-editor .elementor-drop-cap{float:left;text-align:center;line-height:1;font-size:50px}.elementor-widget-text-editor .elementor-drop-cap-letter{display:inline-block}<\/style>\t\t\t\t<p>Zawsze<strong> dopasowujemy ofert\u0119 indywidualnie pod klienta<\/strong>. Realizujemy wirtualne spacery o wysokiej jako\u015bci w technologii 3D.\u00a0 Tworzone\u00a0 s\u0105 za pomoc\u0105 kamery Matterport pro2. Dzi\u0119ki temu mog\u0105 Pa\u0144stwo otrzyma\u0107 nowoczesn\u0105 form\u0119 promocji dost\u0119pn\u0105 dla klienta przez ca\u0142\u0105 dob\u0119. Realizujemy spacery po nieruchomo\u015bciach i lokalach o dowolnej wielko\u015bci.\u00a0<\/p><p>Kamera Matterport Pro2 pozwala na szybkie i dok\u0142adne skanowanie nieruchomo\u015bci. Zapewnia wysok\u0105 rozdzielczo\u015b\u0107 zdj\u0119\u0107 oraz kr\u00f3tki czas realizacji spaceru.\u00a0<\/p>\t\t\t\t\t\t<\/div>\n\t\t\t\t<\/div>\n\t\t\t\t<div class=\"elementor-element elementor-element-4e04dd5 elementor-widget elementor-widget-text-editor\" data-id=\"4e04dd5\" data-element_type=\"widget\" data-widget_type=\"text-editor.default\">\n\t\t\t\t<div class=\"elementor-widget-container\">\n\t\t\t\t\t\t\t<h4>Dlaczego warto skorzysta\u0107 z naszej oferty?<\/h4><p>Spacery 3D to doskona\u0142a forma promocji w internecie, kt\u00f3ra pozwala na dok\u0142adne zapoznanie si\u0119 klienta z nieruchomo\u015bci\u0105. Oferta jest przygotowywana pod\u00a0 indywidualne potrzeby naszych klient\u00f3w. Jest to nowoczesna forma promocji, kt\u00f3ra zwi\u0119ksza atrakcyjno\u015b\u0107 oferty.<\/p>\t\t\t\t\t\t<\/div>\n\t\t\t\t<\/div>\n\t\t\t\t<div class=\"elementor-element elementor-element-598c27b elementor-widget elementor-widget-text-editor\" data-id=\"598c27b\" data-element_type=\"widget\" data-widget_type=\"text-editor.default\">\n\t\t\t\t<div class=\"elementor-widget-container\">\n\t\t\t\t\t\t\t<h4>Ile czasu zajmuje realizacja spaceru?<\/h4><p>Jest to zale\u017cne od wielko\u015bci pomieszczenia przeznaczonego do skanowania. R\u00f3wnie\u017c ilo\u015b\u0107 znajduj\u0105cych si\u0119 w nim przedmiot\u00f3w. Najcz\u0119\u015bciej spacer jest realizowany w przeci\u0105gu jednego dnia a drugie tyle zajmuje edycja.\u00a0<\/p>\t\t\t\t\t\t<\/div>\n\t\t\t\t<\/div>\n\t\t\t\t\t<\/div>\n\t\t<\/div>\n\t\t\t\t\t\t\t<\/div>\n\t\t<\/section>\n\t\t\t\t\t\t<\/div>\n\t\t\t\t\t<\/div>\n\t\t","protected":false},"excerpt":{"rendered":"<p>O nas Wirtualne spacery to nasza specjalno\u015b\u0107 Zawsze dopasowujemy ofert\u0119 indywidualnie pod klienta. Realizujemy wirtualne spacery o wysokiej jako\u015bci w technologii 3D.\u00a0 Tworzone\u00a0 s\u0105 za pomoc\u0105 kamery Matterport pro2. Dzi\u0119ki temu mog\u0105 Pa\u0144stwo otrzyma\u0107 nowoczesn\u0105 form\u0119 promocji dost\u0119pn\u0105 dla klienta przez ca\u0142\u0105 dob\u0119. Realizujemy spacery po nieruchomo\u015bciach i lokalach o dowolnej wielko\u015bci.\u00a0 Kamera Matterport Pro2 &hellip;<\/p>\n<p class=\"read-more\"> <a class=\"\" href=\"https:\/\/hbpremium.pl\/3dreality\/o-nas\/\"> <span class=\"screen-reader-text\">O nas<\/span> Read More &raquo;<\/a><\/p>\n","protected":false},"author":1,"featured_media":0,"parent":0,"menu_order":0,"comment_status":"closed","ping_status":"closed","template":"","meta":{"site-sidebar-layout":"no-sidebar","site-content-layout":"page-builder","ast-main-header-display":"","ast-hfb-above-header-display":"","ast-hfb-below-header-display":"","ast-hfb-mobile-header-display":"","site-post-title":"disabled","ast-breadcrumbs-content":"disabled","ast-featured-img":"disabled","footer-sml-layout":"","theme-transparent-header-meta":"enabled","adv-header-id-meta":"","stick-header-meta":"","header-above-stick-meta":"","header-main-stick-meta":"","header-below-stick-meta":""},"_links":{"self":[{"href":"https:\/\/hbpremium.pl\/3dreality\/wp-json\/wp\/v2\/pages\/53"}],"collection":[{"href":"https:\/\/hbpremium.pl\/3dreality\/wp-json\/wp\/v2\/pages"}],"about":[{"href":"https:\/\/hbpremium.pl\/3dreality\/wp-json\/wp\/v2\/types\/page"}],"author":[{"embeddable":true,"href":"https:\/\/hbpremium.pl\/3dreality\/wp-json\/wp\/v2\/users\/1"}],"replies":[{"embeddable":true,"href":"https:\/\/hbpremium.pl\/3dreality\/wp-json\/wp\/v2\/comments?post=53"}],"version-history":[{"count":40,"href":"https:\/\/hbpremium.pl\/3dreality\/wp-json\/wp\/v2\/pages\/53\/revisions"}],"predecessor-version":[{"id":839,"href":"https:\/\/hbpremium.pl\/3dreality\/wp-json\/wp\/v2\/pages\/53\/revisions\/839"}],"wp:attachment":[{"href":"https:\/\/hbpremium.pl\/3dreality\/wp-json\/wp\/v2\/media?parent=53"}],"curies":[{"name":"wp","href":"https:\/\/api.w.org\/{rel}","templated":true}]}}