{"id":625,"date":"2022-01-25T11:46:36","date_gmt":"2022-01-25T10:46:36","guid":{"rendered":"http:\/\/3dreality.freelinelab.pl\/?page_id=625"},"modified":"2022-01-28T14:24:39","modified_gmt":"2022-01-28T13:24:39","slug":"polityka-prywatnosci","status":"publish","type":"page","link":"https:\/\/hbpremium.pl\/3dreality\/polityka-prywatnosci\/","title":{"rendered":"Polityka prywatno\u015bci"},"content":{"rendered":"\t\t<div data-elementor-type=\"wp-page\" data-elementor-id=\"625\" class=\"elementor elementor-625\" data-elementor-settings=\"[]\">\n\t\t\t\t\t\t\t<div class=\"elementor-section-wrap\">\n\t\t\t\t\t\t\t<section class=\"elementor-section elementor-top-section elementor-element elementor-element-3fb8fd8 elementor-section-height-min-height elementor-section-boxed elementor-section-height-default elementor-section-items-middle\" data-id=\"3fb8fd8\" data-element_type=\"section\" data-settings=\"{&quot;background_background&quot;:&quot;classic&quot;}\">\n\t\t\t\t\t\t\t<div class=\"elementor-background-overlay\"><\/div>\n\t\t\t\t\t\t\t<div class=\"elementor-container elementor-column-gap-no\">\n\t\t\t\t\t<div class=\"elementor-column elementor-col-100 elementor-top-column elementor-element elementor-element-cc54156\" data-id=\"cc54156\" data-element_type=\"column\">\n\t\t\t<div class=\"elementor-widget-wrap elementor-element-populated\">\n\t\t\t\t\t\t\t\t<div class=\"elementor-element elementor-element-f0d2cb7 elementor-widget elementor-widget-heading\" data-id=\"f0d2cb7\" data-element_type=\"widget\" data-widget_type=\"heading.default\">\n\t\t\t\t<div class=\"elementor-widget-container\">\n\t\t\t<style>\/*! elementor - v3.5.5 - 03-02-2022 *\/\n.elementor-heading-title{padding:0;margin:0;line-height:1}.elementor-widget-heading .elementor-heading-title[class*=elementor-size-]>a{color:inherit;font-size:inherit;line-height:inherit}.elementor-widget-heading .elementor-heading-title.elementor-size-small{font-size:15px}.elementor-widget-heading .elementor-heading-title.elementor-size-medium{font-size:19px}.elementor-widget-heading .elementor-heading-title.elementor-size-large{font-size:29px}.elementor-widget-heading .elementor-heading-title.elementor-size-xl{font-size:39px}.elementor-widget-heading .elementor-heading-title.elementor-size-xxl{font-size:59px}<\/style><h1 class=\"elementor-heading-title elementor-size-default\">Polityka prywatno\u015bci<\/h1>\t\t<\/div>\n\t\t\t\t<\/div>\n\t\t\t\t\t<\/div>\n\t\t<\/div>\n\t\t\t\t\t\t\t<\/div>\n\t\t<\/section>\n\t\t\t\t<section class=\"elementor-section elementor-top-section elementor-element elementor-element-d5a9a3b elementor-section-boxed elementor-section-height-default elementor-section-height-default\" data-id=\"d5a9a3b\" data-element_type=\"section\" data-settings=\"{&quot;background_background&quot;:&quot;classic&quot;}\">\n\t\t\t\t\t\t<div class=\"elementor-container elementor-column-gap-no\">\n\t\t\t\t\t<div class=\"elementor-column elementor-col-100 elementor-top-column elementor-element elementor-element-c3b30e1\" data-id=\"c3b30e1\" data-element_type=\"column\">\n\t\t\t<div class=\"elementor-widget-wrap\">\n\t\t\t\t\t\t\t\t\t<\/div>\n\t\t<\/div>\n\t\t\t\t\t\t\t<\/div>\n\t\t<\/section>\n\t\t\t\t<section class=\"elementor-section elementor-top-section elementor-element elementor-element-7a40c1c elementor-section-boxed elementor-section-height-default elementor-section-height-default\" data-id=\"7a40c1c\" data-element_type=\"section\">\n\t\t\t\t\t\t<div class=\"elementor-container elementor-column-gap-default\">\n\t\t\t\t\t<div class=\"elementor-column elementor-col-100 elementor-top-column elementor-element elementor-element-2a1e503\" data-id=\"2a1e503\" data-element_type=\"column\">\n\t\t\t<div class=\"elementor-widget-wrap elementor-element-populated\">\n\t\t\t\t\t\t\t\t<div class=\"elementor-element elementor-element-ac6f47f elementor-widget elementor-widget-text-editor\" data-id=\"ac6f47f\" data-element_type=\"widget\" data-widget_type=\"text-editor.default\">\n\t\t\t\t<div class=\"elementor-widget-container\">\n\t\t\t<style>\/*! elementor - v3.5.5 - 03-02-2022 *\/\n.elementor-widget-text-editor.elementor-drop-cap-view-stacked .elementor-drop-cap{background-color:#818a91;color:#fff}.elementor-widget-text-editor.elementor-drop-cap-view-framed .elementor-drop-cap{color:#818a91;border:3px solid;background-color:transparent}.elementor-widget-text-editor:not(.elementor-drop-cap-view-default) .elementor-drop-cap{margin-top:8px}.elementor-widget-text-editor:not(.elementor-drop-cap-view-default) .elementor-drop-cap-letter{width:1em;height:1em}.elementor-widget-text-editor .elementor-drop-cap{float:left;text-align:center;line-height:1;font-size:50px}.elementor-widget-text-editor .elementor-drop-cap-letter{display:inline-block}<\/style>\t\t\t\t<!-- wp:heading -->\n<h5 style=\"text-align: center;\"><strong>POLITYKA PRYWATNO\u015aCI SERWISU INTERNETOWEGO<\/strong><br \/><strong>WWW.3DREALITY.PL<\/strong><br \/>\u00a0<br \/><strong>\u00a7 1<\/strong><\/h5>\n<h5 style=\"text-align: center;\"><strong>POSTANOWIENIA OG\u00d3LNE<\/strong><\/h5>\n<p>Administratorem danych osobowych zbieranych za po\u015brednictwem Serwisu internetowego www.3DREALITY.PL jest HB PREMIUM SP\u00d3\u0141KA Z\u00a0OGRANICZON\u0104 ODPOWIEDZIALNO\u015aCI\u0104 SP\u00d3\u0141KA KOMANDYTOWA wpisana do rejestru przedsi\u0119biorc\u00f3w przez S\u0105d Rejonowy dla m.st. Warszawy w\u00a0Warszawie, XIV Wydzia\u0142 Gospodarczy Krajowego Rejestru S\u0105dowego pod numerem KRS: 0000632920, miejsce wykonywania dzia\u0142alno\u015bci oraz adres do dor\u0119cze\u0144: ul.\u00a0 Genera\u0142a Grochowskiego 5\/64, 05-500 Piaseczno, NIP: 5223069557, REGON: 365208309, adres poczty elektronicznej (e-mail): kontakt@hbpremium.pl, numer telefonu: +48\u00a0603\u00a0053 534, zwana dalej \u201eAdministratorem&#8221; i\u00a0b\u0119d\u0105ca jednocze\u015bnie \u201eUs\u0142ugodawc\u0105\u201d.<br \/>Dane osobowe zbierane przez Administratora za po\u015brednictwem strony internetowej s\u0105 przetwarzane zgodnie z\u00a0Rozporz\u0105dzeniem Parlamentu Europejskiego i\u00a0Rady (UE) 2016\/679 z\u00a0dnia 27 kwietnia 2016 r. w\u00a0sprawie ochrony os\u00f3b fizycznych w\u00a0zwi\u0105zku z\u00a0przetwarzaniem danych osobowych i\u00a0w sprawie swobodnego przep\u0142ywu takich danych oraz uchylenia dyrektywy 95\/46\/WE (og\u00f3lne rozporz\u0105dzenie o\u00a0ochronie danych), zwane dalej RODO.<br \/>Wszelkie wyrazy lub wyra\u017cenia pisane w\u00a0tre\u015bci niniejszej Polityki Prywatno\u015bci z\u00a0du\u017cej litery nale\u017cy rozumie\u0107 zgodnie z\u00a0ich definicj\u0105 zawart\u0105 w\u00a0Regulaminie Serwisu internetowego www.3DREALITY.PL<\/p>\n<p>&nbsp;<\/p>\n<h5 style=\"text-align: center;\">\u00a7 2<\/h5>\n<h5 style=\"text-align: center;\">RODZAJ PRZETWARZANYCH DANYCH OSOBOWYCH, CEL I\u00a0ZAKRES ZBIERANIA DANYCH<\/h5>\n<p>CEL PRZETWARZANIA I\u00a0PODSTAWA PRAWNA. Administrator przetwarza dane osobowe Us\u0142ugobiorc\u00f3w Serwisu www.3DREALITY.PL w\u00a0przypadku:<br \/>zapisania si\u0119 do Newslettera w\u00a0celu przesy\u0142ania informacji handlowych drog\u0105 elektroniczn\u0105. Dane osobowe s\u0105 przetwarzane po wyra\u017ceniu odr\u0119bnej zgody, na podstawie art. 6 ust. 1 lit. a) RODO.<br \/>skorzystania z\u00a0Formularza Kontaktowego, w\u00a0celu wys\u0142ania wiadomo\u015bci do Administratora, na podstawie art. 6 ust. 1 lit. f) RODO (prawnie uzasadniony interes przedsi\u0119biorcy).<br \/>RODZAJ PRZETWARZANYCH DANYCH OSOBOWYCH. Us\u0142ugobiorca podaje, w\u00a0przypadku:<br \/>Newslettera: imi\u0119 i\u00a0nazwisko, adres e-mail.<br \/>Formularza Kontaktowego: imi\u0119, adres mailowy<br \/>OKRES ARCHIWIZACJI DANYCH OSOBOWYCH. Dane osobowe Us\u0142ugobiorc\u00f3w przechowywane s\u0105 przez Administratora:<br \/>w\u00a0przypadku, gdy podstaw\u0105 przetwarzania danych jest wykonanie umowy, tak d\u0142ugo, jak jest to niezb\u0119dne do wykonania umowy, a\u00a0po tym czasie przez okres odpowiadaj\u0105cy okresowi przedawnienia roszcze\u0144. Je\u017celi przepis szczeg\u00f3lny nie stanowi inaczej, termin przedawnienia wynosi lat sze\u015b\u0107, a\u00a0dla roszcze\u0144 o\u00a0\u015bwiadczenia okresowe oraz roszcze\u0144 zwi\u0105zanych z\u00a0prowadzeniem dzia\u0142alno\u015bci gospodarczej &#8211; trzy lata.<br \/>w\u00a0przypadku, gdy podstaw\u0105 przetwarzania danych jest zgoda, tak d\u0142ugo, a\u017c zgoda nie zostanie odwo\u0142ana, a\u00a0po odwo\u0142aniu zgody przez okres czasu odpowiadaj\u0105cy okresowi przedawnienia roszcze\u0144 jakie mo\u017ce podnosi\u0107 Administrator i\u00a0jakie mog\u0105 by\u0107 podnoszone wobec niego. Je\u017celi przepis szczeg\u00f3lny nie stanowi inaczej, termin przedawnienia wynosi lat sze\u015b\u0107, a\u00a0dla roszcze\u0144 o\u00a0\u015bwiadczenia okresowe oraz roszcze\u0144 zwi\u0105zanych z\u00a0prowadzeniem dzia\u0142alno\u015bci gospodarczej &#8211; trzy lata.<br \/>Podczas korzystania z\u00a0Serwisu mog\u0105 by\u0107 pobierane dodatkowe informacje, w\u00a0szczeg\u00f3lno\u015bci: adres IP przypisany do komputera Us\u0142ugobiorcy lub zewn\u0119trzny adres IP dostawcy Internetu, nazwa domeny, rodzaj przegl\u0105darki, czas dost\u0119pu, typ systemu operacyjnego.<br \/>Po wyra\u017ceniu odr\u0119bnej zgody, na podstawie art. 6 ust. 1 lit. a) RODO dane mog\u0105 by\u0107 przetwarzane r\u00f3wnie\u017c w\u00a0celu przesy\u0142ania informacji handlowych drog\u0105 elektroniczn\u0105 lub wykonywania telefonicznych po\u0142\u0105cze\u0144 w\u00a0celu marketingu bezpo\u015bredniego \u2013 odpowiednio w\u00a0zwi\u0105zku z\u00a0art. 10 ust. 2 Ustawy z\u00a0dnia 18 lipca 2002 roku o\u00a0\u015bwiadczeniu us\u0142ug drog\u0105 elektroniczn\u0105 lub art. 172 ust. 1 Ustawy z\u00a0dnia 16 lipca 2004 roku \u2013 Prawo Telekomunikacyjne, w\u00a0tym kierowanych w\u00a0wyniku profilowania, o\u00a0ile Us\u0142ugobiorca wyrazi\u0142 stosown\u0105 zgod\u0119.<br \/>Od Us\u0142ugobiorc\u00f3w mog\u0105 by\u0107 tak\u017ce gromadzone dane nawigacyjne, w\u00a0tym informacje o\u00a0linkach i\u00a0odno\u015bnikach, w\u00a0kt\u00f3re zdecyduj\u0105 si\u0119 klikn\u0105\u0107 lub innych czynno\u015bciach, podejmowanych w\u00a0Serwisie. Podstaw\u0105 prawn\u0105 tego rodzaju czynno\u015bci jest prawnie uzasadniony interes Administratora (art. 6 ust. 1 lit. f\u00a0RODO), polegaj\u0105cy na u\u0142atwieniu korzystania z\u00a0us\u0142ug \u015bwiadczonych drog\u0105 elektroniczn\u0105 oraz na poprawie funkcjonalno\u015bci tych us\u0142ug.<br \/>Podanie danych osobowych przez Us\u0142ugobiorc\u0119 jest dobrowolne.<br \/>Administrator dok\u0142ada szczeg\u00f3lnej staranno\u015bci w\u00a0celu ochrony interes\u00f3w os\u00f3b, kt\u00f3rych dane dotycz\u0105, a\u00a0w szczeg\u00f3lno\u015bci zapewnia, \u017ce zbierane przez niego dane s\u0105:<br \/>przetwarzane zgodnie z\u00a0prawem,<br \/>zbierane dla oznaczonych, zgodnych z\u00a0prawem cel\u00f3w i\u00a0niepoddawane dalszemu przetwarzaniu niezgodnemu z\u00a0tymi celami,<br \/>merytorycznie poprawne i\u00a0adekwatne w\u00a0stosunku do cel\u00f3w, w\u00a0jakich s\u0105 przetwarzane oraz przechowywane w\u00a0postaci umo\u017cliwiaj\u0105cej identyfikacj\u0119 os\u00f3b, kt\u00f3rych dotycz\u0105, nie d\u0142u\u017cej ni\u017c jest to niezb\u0119dne do osi\u0105gni\u0119cia celu przetwarzania.<\/p>\n<p>&nbsp;<\/p>\n<h5 style=\"text-align: center;\">\u00a7 3<\/h5>\n<h5 style=\"text-align: center;\">UDOST\u0118PNIENIE DANYCH OSOBOWYCH<\/h5>\n<p>Dane osobowe Us\u0142ugobiorc\u00f3w przekazywane s\u0105 dostawcom us\u0142ug, z\u00a0kt\u00f3rych korzysta Administrator przy prowadzeniu Serwisu, a\u00a0w szczeg\u00f3lno\u015bci do:<br \/>biura ksi\u0119gowego,<br \/>hostingodawcy,<br \/>dostawcy oprogramowania umo\u017cliwiaj\u0105cego prowadzenie dzia\u0142alno\u015bci,<br \/>podmiot\u00f3w zapewniaj\u0105cych system mailingowy,<br \/>dostawcy oprogramowania potrzebnego do prowadzenia serwisu internetowego.<br \/>Dostawcy us\u0142ug, o\u00a0kt\u00f3rych mowa w\u00a0pkt 1 niniejszego paragrafu, kt\u00f3rym przekazywane s\u0105 dane osobowe, w\u00a0zale\u017cno\u015bci od uzgodnie\u0144 umownych i\u00a0okoliczno\u015bci, albo podlegaj\u0105 poleceniom Administratora co do cel\u00f3w i\u00a0sposob\u00f3w przetwarzania tych danych (podmioty przetwarzaj\u0105ce) albo samodzielnie okre\u015blaj\u0105 cele i\u00a0sposoby ich przetwarzania (administratorzy).<br \/>Dane osobowe Us\u0142ugobiorc\u00f3w s\u0105 przechowywane wy\u0142\u0105cznie na terenie Europejskiego Obszaru Gospodarczego (EOG), z\u00a0zastrze\u017ceniem \u00a75 pkt 5 oraz \u00a76 Polityki Prywatno\u015bci.<\/p>\n<p>&nbsp;<\/p>\n<h5 style=\"text-align: center;\">\u00a7 4<\/h5>\n<h5 style=\"text-align: center;\">PRAWO KONTROLI, DOST\u0118PU DO TRE\u015aCI W\u0141ASNYCH DANYCH ORAZ ICH POPRAWIANIA<\/h5>\n<p>Osoba, kt\u00f3rej dane dotycz\u0105, ma prawo dost\u0119pu do tre\u015bci swoich danych osobowych oraz prawo ich sprostowania, usuni\u0119cia, ograniczenia przetwarzania, prawo do przenoszenia danych, prawo wniesienia sprzeciwu, prawo do cofni\u0119cia zgody w\u00a0dowolnym momencie bez wp\u0142ywu na zgodno\u015b\u0107 z\u00a0prawem przetwarzania, kt\u00f3rego dokonano na podstawie zgody przed jej cofni\u0119ciem.<br \/>Podstawy prawne \u017c\u0105dania Us\u0142ugobiorcy:<br \/>Dost\u0119p do danych \u2013 art. 15 RODO.<br \/>Sprostowanie danych \u2013 art. 16 RODO.<br \/>Usuni\u0119cie danych (tzw. prawo do bycia zapomnianym) \u2013 art. 17 RODO.<br \/>Ograniczenie przetwarzania \u2013 art. 18 RODO.<br \/>Przeniesienie danych \u2013 art. 20 RODO.<br \/>Sprzeciw \u2013 art. 21 RODO<br \/>Cofni\u0119cie zgody \u2013 art. 7 ust. 3 RODO.<br \/>W\u00a0celu realizacji uprawnie\u0144, o\u00a0kt\u00f3rych mowa w\u00a0pkt 2 mo\u017cna wys\u0142a\u0107 stosown\u0105 wiadomo\u015b\u0107 e-mail na adres: kontakt@hbpremium.pl<br \/>W\u00a0sytuacji wyst\u0105pienia przez Us\u0142ugobiorc\u0119 z\u00a0uprawnieniem wynikaj\u0105cym z\u00a0powy\u017cszych praw, Administrator spe\u0142nia \u017c\u0105danie albo odmawia jego spe\u0142nienia niezw\u0142ocznie, nie p\u00f3\u017aniej jednak ni\u017c w\u00a0ci\u0105gu miesi\u0105ca po jego otrzymaniu. Je\u017celi jednak &#8211; z\u00a0uwagi na skomplikowany charakter \u017c\u0105dania lub liczb\u0119 \u017c\u0105da\u0144 \u2013 Administrator nie b\u0119dzie m\u00f3g\u0142 spe\u0142ni\u0107 \u017c\u0105dania w\u00a0ci\u0105gu miesi\u0105ca, spe\u0142ni je w\u00a0ci\u0105gu kolejnych dw\u00f3ch miesi\u0119cy informuj\u0105c Us\u0142ugobiorc\u0119 uprzednio w\u00a0terminie miesi\u0105ca od otrzymania \u017c\u0105dania &#8211; o\u00a0zamierzonym przed\u0142u\u017ceniu terminu oraz jego przyczynach.<br \/>W\u00a0przypadku stwierdzenia, \u017ce przetwarzanie danych osobowych narusza przepisy RODO, osoba, kt\u00f3rej dane dotycz\u0105, ma prawo wnie\u015b\u0107 skarg\u0119 do Prezesa Urz\u0119du Ochrony Danych Osobowych.<\/p>\n<p>&nbsp;<\/p>\n<h5 style=\"text-align: center;\">\u00a7 5<\/h5>\n<h5 style=\"text-align: center;\">PLIKI &#8222;COOKIES&#8221;<\/h5>\n<p>Strona Administratora\u00a0u\u017cywa plik\u00f3w\u00a0\u201ecookies\u201d.<br \/>Instalacja plik\u00f3w \u201ecookies\u201d jest konieczna do prawid\u0142owego \u015bwiadczenia us\u0142ug na stronie internetowej Serwisu. W\u00a0plikach \u201ecookies&#8221; znajduj\u0105 si\u0119 informacje niezb\u0119dne do prawid\u0142owego funkcjonowania strony, a\u00a0tak\u017ce daj\u0105 one tak\u017ce mo\u017cliwo\u015b\u0107 opracowywania og\u00f3lnych statystyk odwiedzin strony internetowej.<br \/>W\u00a0ramach strony stosowane s\u0105 dwa rodzaje plik\u00f3w \u201ecookies\u201d: \u201esesyjne\u201d oraz \u201esta\u0142e\u201d.<br \/>\u201eCookies\u201d \u201esesyjne\u201d s\u0105 plikami tymczasowymi, kt\u00f3re przechowywane s\u0105 w\u00a0urz\u0105dzeniu ko\u0144cowym Us\u0142ugobiorcy do czasu wylogowania (opuszczenia strony).<br \/>\u201eSta\u0142e\u201d pliki \u201ecookies\u201d przechowywane s\u0105 w\u00a0urz\u0105dzeniu ko\u0144cowym Us\u0142ugobiorcy przez czas okre\u015blony w\u00a0parametrach plik\u00f3w \u201ecookies\u201d lub do czasu ich usuni\u0119cia przez Us\u0142ugobiorc\u0119.<br \/>Administrator wykorzystuje w\u0142asne pliki cookies w\u00a0celu lepszego poznania sposobu interakcji Us\u0142ugobiorc\u00f3w w\u00a0zakresie zawarto\u015bci strony. Pliki gromadz\u0105 informacje o\u00a0sposobie korzystania ze strony internetowej przez Us\u0142ugobiorc\u0119, typie strony, z\u00a0jakiej Us\u0142ugobiorca zosta\u0142 przekierowany oraz liczbie odwiedzin i\u00a0czasie wizyty Us\u0142ugobiorcy na stronie internetowej. Informacje te nie rejestruj\u0105 konkretnych danych osobowych Us\u0142ugobiorcy, lecz s\u0142u\u017c\u0105 do opracowania statystyk korzystania ze strony.<br \/>Administrator wykorzystuje zewn\u0119trzne pliki cookies w\u00a0celu zbierania og\u00f3lnych i\u00a0anonimowych danych statycznych za po\u015brednictwem narz\u0119dzi analitycznych Google Analytics (administrator cookies zewn\u0119trznego: Google Inc. z\u00a0siedzib\u0105 w\u00a0USA).<br \/>Pliki cookies mog\u0105 by\u0107 r\u00f3wnie\u017c wykorzystywane przez sieci reklamowe, w\u00a0szczeg\u00f3lno\u015bci sie\u0107 Google, w\u00a0celu wy\u015bwietlania reklam dopasowanych do sposobu, w\u00a0jaki Us\u0142ugobiorca korzysta z\u00a0Serwisu. W\u00a0tym celu mog\u0105 zachowa\u0107 informacj\u0119 o\u00a0\u015bcie\u017cce nawigacji Us\u0142ugobiorcy lub czasie pozostawania na danej stronie.<br \/>Us\u0142ugobiorca ma prawo zadecydowania w\u00a0zakresie dost\u0119pu plik\u00f3w \u201ecookies\u201d do swojego komputera poprzez ich uprzedni wyb\u00f3r w\u00a0oknie swojej przegl\u0105darki. \u00a0Szczeg\u00f3\u0142owe informacje o\u00a0mo\u017cliwo\u015bci i\u00a0sposobach obs\u0142ugi plik\u00f3w \u201ecookies\u201d dost\u0119pne s\u0105 w\u00a0ustawieniach oprogramowania (przegl\u0105darki internetowej).<\/p>\n<p>&nbsp;<\/p>\n<h5 style=\"text-align: center;\">\u00a7 6<\/h5>\n<h5 style=\"text-align: center;\">US\u0141UGI DODATKOWE ZWI\u0104ZANE Z\u00a0AKTYWNO\u015aCI\u0104 U\u017bYTKOWNIKA W\u00a0SERWISIE<\/h5>\n<p>W\u00a0Serwisie wykorzystywane s\u0105 tzw. wtyczki spo\u0142eczno\u015bciowe (\u201ewtyczki\u201c) serwis\u00f3w spo\u0142eczno\u015bciowych.\u00a0Wy\u015bwietlaj\u0105c stron\u0119 internetow\u0105 www.3DREALITY.pl, zawieraj\u0105c\u0105 tak\u0105 wtyczk\u0119, przegl\u0105darka Us\u0142ugobiorcy nawi\u0105\u017ce bezpo\u015brednie po\u0142\u0105czenie z\u00a0serwerami Facebook, Instagram, Pinterest oraz YouTube.<br \/>Zawarto\u015b\u0107 wtyczki jest przekazywana przez danego us\u0142ugodawc\u0119 bezpo\u015brednio do przegl\u0105darki Us\u0142ugobiorcy i\u00a0integrowana ze stron\u0105. Dzi\u0119ki tej integracji, us\u0142ugodawcy otrzymuj\u0105 informacj\u0119, \u017ce przegl\u0105darka Us\u0142ugobiorcy wy\u015bwietli\u0142a stron\u0119 www.3DREALITY.pl, nawet je\u015bli Us\u0142ugobiorca nie posiada profilu u\u00a0danego us\u0142ugodawcy, czy nie jest u\u00a0niego akurat zalogowany. Taka informacja (wraz z\u00a0adresem IP Us\u0142ugobiorcy) jest przesy\u0142ana przez przegl\u0105dark\u0119 bezpo\u015brednio do serwera danego us\u0142ugodawcy (niekt\u00f3re serwery znajduj\u0105 si\u0119 w\u00a0USA) i\u00a0tam przechowywana.<br \/>Je\u015bli Us\u0142ugobiorca zaloguje si\u0119 do jednego z\u00a0powy\u017cszych serwis\u00f3w spo\u0142eczno\u015bciowych, to us\u0142ugodawca ten b\u0119dzie m\u00f3g\u0142 bezpo\u015brednio przyporz\u0105dkowa\u0107 wizyt\u0119 na stronie www.3DREALITY.pl do profilu Us\u0142ugobiorcy w\u00a0danym serwisie spo\u0142eczno\u015bciowym.<br \/>Je\u015bli Us\u0142ugobiorca u\u017cyje danej wtyczki, np. klikaj\u0105c na przycisk \u201eLubi\u0119 to\u201d lub przycisk \u201eUdost\u0119pnij\u201d, to odpowiednia informacja zostanie r\u00f3wnie\u017c przes\u0142ana bezpo\u015brednio na serwer danego us\u0142ugodawcy i\u00a0tam zachowana.<br \/>Cel i\u00a0zakres gromadzenia danych oraz ich dalszego przetwarzania i\u00a0wykorzystania przez us\u0142ugodawc\u00f3w, jak r\u00f3wnie\u017c mo\u017cliwo\u015b\u0107 kontaktu oraz prawa Us\u0142ugobiorcy w\u00a0tym zakresie i\u00a0mo\u017cliwo\u015b\u0107 dokonania ustawie\u0144 zapewniaj\u0105cych ochron\u0119 prywatno\u015bci Us\u0142ugobiorcy zosta\u0142y opisane w\u00a0polityce prywatno\u015bci us\u0142ugodawc\u00f3w:<br \/>https:\/\/www.facebook.com\/policy.php<br \/>https:\/\/help.instagram.com\/519522125107875?helpref=page_content<br \/>https:\/\/policy.pinterest.com\/pl\/privacy-policy<br \/>https:\/\/policies.google.com\/privacy?hl=pl&amp;gl=ZZ.<br \/>Je\u015bli Us\u0142ugobiorca nie chce, aby serwisy spo\u0142eczno\u015bciowe przyporz\u0105dkowywa\u0142y dane zebrane w\u00a0trakcie odwiedzin na stronie www.3DREALITY.pl bezpo\u015brednio jego profilowi w\u00a0danym serwisie, to przed wizyt\u0105 na stronie www.3DREALITY.pl musi wylogowa\u0107 si\u0119 z\u00a0tego serwisu. Us\u0142ugobiorca mo\u017ce r\u00f3wnie\u017c ca\u0142kowicie uniemo\u017cliwi\u0107 za\u0142adowanie na stronie wtyczek stosuj\u0105c odpowiednie rozszerzenia dla przegl\u0105darki, np. blokowanie skrypt\u00f3w za pomoc\u0105 \u201eNoScript\u201c.<br \/>Administrator wykorzystuje na swojej stronie narz\u0119dzia remarketingowe tj. Google Ads, wi\u0105\u017ce si\u0119 to z\u00a0wykorzystywaniem plik\u00f3w cookies firmy Google LLC dotycz\u0105cych us\u0142ugi Google Ads. W\u00a0ramach mechanizmu do zarz\u0105dzania ustawieniami plik\u00f3w cookies Us\u0142ugobiorca ma mo\u017cliwo\u015b\u0107 zdecydowania, czy Us\u0142ugodawca b\u0119dzie m\u00f3g\u0142 korzysta\u0107 z\u00a0Google Ads (administrator cookies zewn\u0119trznego: Google Inc. z\u00a0siedzib\u0105 w\u00a0USA) w\u00a0stosunku do niego.<\/p>\n<p>&nbsp;<\/p>\n<h5 style=\"text-align: center;\">\u00a7 7<\/h5>\n<h5 style=\"text-align: center;\">POSTANOWIENIA KO\u0143COWE<\/h5>\n<p>Administrator stosuje \u015brodki techniczne i\u00a0organizacyjne zapewniaj\u0105ce ochron\u0119 przetwarzanych danych osobowych odpowiedni\u0105 do zagro\u017ce\u0144 oraz kategorii danych obj\u0119tych ochron\u0105, a\u00a0w szczeg\u00f3lno\u015bci zabezpiecza dane przed ich udost\u0119pnieniem osobom nieupowa\u017cnionym, zabraniem przez osob\u0119 nieuprawnion\u0105, przetwarzaniem z\u00a0naruszeniem obowi\u0105zuj\u0105cych przepis\u00f3w oraz zmian\u0105, utrat\u0105, uszkodzeniem lub zniszczeniem.<br \/>Administrator udost\u0119pnia odpowiednie \u015brodki techniczne zapobiegaj\u0105ce pozyskiwaniu i\u00a0modyfikowaniu przez osoby nieuprawnione, danych osobowych przesy\u0142anych drog\u0105 elektroniczn\u0105.<br \/>W\u00a0sprawach nieuregulowanych niniejsz\u0105 Polityk\u0105 prywatno\u015bci stosuje si\u0119 odpowiednio przepisy RODO oraz inne w\u0142a\u015bciwe przepisy prawa polskiego.<\/p>\n<!-- \/wp:paragraph -->\t\t\t\t\t\t<\/div>\n\t\t\t\t<\/div>\n\t\t\t\t\t<\/div>\n\t\t<\/div>\n\t\t\t\t\t\t\t<\/div>\n\t\t<\/section>\n\t\t\t\t\t\t<\/div>\n\t\t\t\t\t<\/div>\n\t\t","protected":false},"excerpt":{"rendered":"<p>Polityka prywatno\u015bci POLITYKA PRYWATNO\u015aCI SERWISU INTERNETOWEGOWWW.3DREALITY.PL\u00a0\u00a7 1 POSTANOWIENIA OG\u00d3LNE Administratorem danych osobowych zbieranych za po\u015brednictwem Serwisu internetowego www.3DREALITY.PL jest HB PREMIUM SP\u00d3\u0141KA Z\u00a0OGRANICZON\u0104 ODPOWIEDZIALNO\u015aCI\u0104 SP\u00d3\u0141KA KOMANDYTOWA wpisana do rejestru przedsi\u0119biorc\u00f3w przez S\u0105d Rejonowy dla m.st. Warszawy w\u00a0Warszawie, XIV Wydzia\u0142 Gospodarczy Krajowego Rejestru S\u0105dowego pod numerem KRS: 0000632920, miejsce wykonywania dzia\u0142alno\u015bci oraz adres do dor\u0119cze\u0144: ul.\u00a0 &hellip;<\/p>\n<p class=\"read-more\"> <a class=\"\" href=\"https:\/\/hbpremium.pl\/3dreality\/polityka-prywatnosci\/\"> <span class=\"screen-reader-text\">Polityka prywatno\u015bci<\/span> Read More &raquo;<\/a><\/p>\n","protected":false},"author":1,"featured_media":0,"parent":0,"menu_order":0,"comment_status":"closed","ping_status":"closed","template":"","meta":{"site-sidebar-layout":"no-sidebar","site-content-layout":"page-builder","ast-main-header-display":"","ast-hfb-above-header-display":"","ast-hfb-below-header-display":"","ast-hfb-mobile-header-display":"","site-post-title":"disabled","ast-breadcrumbs-content":"disabled","ast-featured-img":"disabled","footer-sml-layout":"","theme-transparent-header-meta":"enabled","adv-header-id-meta":"","stick-header-meta":"","header-above-stick-meta":"","header-main-stick-meta":"","header-below-stick-meta":""},"_links":{"self":[{"href":"https:\/\/hbpremium.pl\/3dreality\/wp-json\/wp\/v2\/pages\/625"}],"collection":[{"href":"https:\/\/hbpremium.pl\/3dreality\/wp-json\/wp\/v2\/pages"}],"about":[{"href":"https:\/\/hbpremium.pl\/3dreality\/wp-json\/wp\/v2\/types\/page"}],"author":[{"embeddable":true,"href":"https:\/\/hbpremium.pl\/3dreality\/wp-json\/wp\/v2\/users\/1"}],"replies":[{"embeddable":true,"href":"https:\/\/hbpremium.pl\/3dreality\/wp-json\/wp\/v2\/comments?post=625"}],"version-history":[{"count":14,"href":"https:\/\/hbpremium.pl\/3dreality\/wp-json\/wp\/v2\/pages\/625\/revisions"}],"predecessor-version":[{"id":760,"href":"https:\/\/hbpremium.pl\/3dreality\/wp-json\/wp\/v2\/pages\/625\/revisions\/760"}],"wp:attachment":[{"href":"https:\/\/hbpremium.pl\/3dreality\/wp-json\/wp\/v2\/media?parent=625"}],"curies":[{"name":"wp","href":"https:\/\/api.w.org\/{rel}","templated":true}]}}