{"id":632,"date":"2022-01-25T11:49:44","date_gmt":"2022-01-25T10:49:44","guid":{"rendered":"http:\/\/3dreality.freelinelab.pl\/?page_id=632"},"modified":"2022-08-26T12:56:45","modified_gmt":"2022-08-26T10:56:45","slug":"regulamin","status":"publish","type":"page","link":"https:\/\/hbpremium.pl\/3dreality\/regulamin\/","title":{"rendered":"Regulamin"},"content":{"rendered":"\t\t<div data-elementor-type=\"wp-page\" data-elementor-id=\"632\" class=\"elementor elementor-632\" data-elementor-settings=\"[]\">\n\t\t\t\t\t\t\t<div class=\"elementor-section-wrap\">\n\t\t\t\t\t\t\t<section class=\"elementor-section elementor-top-section elementor-element elementor-element-3fb8fd8 elementor-section-height-min-height elementor-section-boxed elementor-section-height-default elementor-section-items-middle\" data-id=\"3fb8fd8\" data-element_type=\"section\" data-settings=\"{&quot;background_background&quot;:&quot;classic&quot;}\">\n\t\t\t\t\t\t\t<div class=\"elementor-background-overlay\"><\/div>\n\t\t\t\t\t\t\t<div class=\"elementor-container elementor-column-gap-no\">\n\t\t\t\t\t<div class=\"elementor-column elementor-col-100 elementor-top-column elementor-element elementor-element-cc54156\" data-id=\"cc54156\" data-element_type=\"column\">\n\t\t\t<div class=\"elementor-widget-wrap elementor-element-populated\">\n\t\t\t\t\t\t\t\t<div class=\"elementor-element elementor-element-f0d2cb7 elementor-widget elementor-widget-heading\" data-id=\"f0d2cb7\" data-element_type=\"widget\" data-widget_type=\"heading.default\">\n\t\t\t\t<div class=\"elementor-widget-container\">\n\t\t\t<style>\/*! elementor - v3.5.5 - 03-02-2022 *\/\n.elementor-heading-title{padding:0;margin:0;line-height:1}.elementor-widget-heading .elementor-heading-title[class*=elementor-size-]>a{color:inherit;font-size:inherit;line-height:inherit}.elementor-widget-heading .elementor-heading-title.elementor-size-small{font-size:15px}.elementor-widget-heading .elementor-heading-title.elementor-size-medium{font-size:19px}.elementor-widget-heading .elementor-heading-title.elementor-size-large{font-size:29px}.elementor-widget-heading .elementor-heading-title.elementor-size-xl{font-size:39px}.elementor-widget-heading .elementor-heading-title.elementor-size-xxl{font-size:59px}<\/style><h1 class=\"elementor-heading-title elementor-size-default\">Regulamin<\/h1>\t\t<\/div>\n\t\t\t\t<\/div>\n\t\t\t\t\t<\/div>\n\t\t<\/div>\n\t\t\t\t\t\t\t<\/div>\n\t\t<\/section>\n\t\t\t\t<section class=\"elementor-section elementor-top-section elementor-element elementor-element-d5a9a3b elementor-section-boxed elementor-section-height-default elementor-section-height-default\" data-id=\"d5a9a3b\" data-element_type=\"section\" data-settings=\"{&quot;background_background&quot;:&quot;classic&quot;}\">\n\t\t\t\t\t\t<div class=\"elementor-container elementor-column-gap-no\">\n\t\t\t\t\t<div class=\"elementor-column elementor-col-100 elementor-top-column elementor-element elementor-element-c3b30e1\" data-id=\"c3b30e1\" data-element_type=\"column\">\n\t\t\t<div class=\"elementor-widget-wrap\">\n\t\t\t\t\t\t\t\t\t<\/div>\n\t\t<\/div>\n\t\t\t\t\t\t\t<\/div>\n\t\t<\/section>\n\t\t\t\t<section class=\"elementor-section elementor-top-section elementor-element elementor-element-7a40c1c elementor-section-boxed elementor-section-height-default elementor-section-height-default\" data-id=\"7a40c1c\" data-element_type=\"section\">\n\t\t\t\t\t\t<div class=\"elementor-container elementor-column-gap-default\">\n\t\t\t\t\t<div class=\"elementor-column elementor-col-100 elementor-top-column elementor-element elementor-element-2a1e503\" data-id=\"2a1e503\" data-element_type=\"column\">\n\t\t\t<div class=\"elementor-widget-wrap elementor-element-populated\">\n\t\t\t\t\t\t\t\t<div class=\"elementor-element elementor-element-ac6f47f elementor-widget elementor-widget-text-editor\" data-id=\"ac6f47f\" data-element_type=\"widget\" data-widget_type=\"text-editor.default\">\n\t\t\t\t<div class=\"elementor-widget-container\">\n\t\t\t<style>\/*! elementor - v3.5.5 - 03-02-2022 *\/\n.elementor-widget-text-editor.elementor-drop-cap-view-stacked .elementor-drop-cap{background-color:#818a91;color:#fff}.elementor-widget-text-editor.elementor-drop-cap-view-framed .elementor-drop-cap{color:#818a91;border:3px solid;background-color:transparent}.elementor-widget-text-editor:not(.elementor-drop-cap-view-default) .elementor-drop-cap{margin-top:8px}.elementor-widget-text-editor:not(.elementor-drop-cap-view-default) .elementor-drop-cap-letter{width:1em;height:1em}.elementor-widget-text-editor .elementor-drop-cap{float:left;text-align:center;line-height:1;font-size:50px}.elementor-widget-text-editor .elementor-drop-cap-letter{display:inline-block}<\/style>\t\t\t\t<!-- wp:heading -->\n<h5 style=\"text-align: center;\"><strong>Przed rozpocz\u0119ciem korzystania z\u00a0serwisu internetowego www.3DREALITY.pl Us\u0142ugobiorcy s\u0105 zobowi\u0105zani zapozna\u0107 si\u0119 z\u00a0tre\u015bci\u0105 Regulaminu.<\/strong><\/h5>\n<h5 style=\"text-align: center;\"><strong>REGULAMIN SERWISU INTERNETOWEGO WWW.3DREALITY.PL<\/strong><br \/>\u00a0<\/h5>\n<p>I. Postanowienia og\u00f3lne<br \/>II. Definicje<br \/>III. Rodzaj i\u00a0zakres us\u0142ug elektronicznych<br \/>IV. Warunki \u015bwiadczenia i\u00a0zawierania um\u00f3w o\u00a0\u015bwiadczenie us\u0142ug elektronicznych<br \/>V. Warunki rozwi\u0105zywania um\u00f3w o\u00a0\u015bwiadczenie us\u0142ug elektronicznych<br \/>VI. Tryb post\u0119powania reklamacyjnego<br \/>VII. W\u0142asno\u015b\u0107 intelektualna<br \/>VIII. Odpowiedzialno\u015b\u0107<br \/>IX. Postanowienia ko\u0144cowe<\/p>\n<p>&nbsp;<\/p>\n<h5 style=\"text-align: center;\"><strong>I. POSTANOWIENIA OG\u00d3LNE<\/strong><\/h5>\n<p>Serwis internetowy dzia\u0142aj\u0105cy pod adresem www.3DREALITY.pl prowadzony jest przez HB PREMIUM SP\u00d3\u0141KA Z\u00a0OGRANICZON\u0104 ODPOWIEDZIALNO\u015aCI\u0104 SP\u00d3\u0141KA KOMANDTOWA wpisan\u0105 do rejestru przedsi\u0119biorc\u00f3w prowadzonego przez S\u0105d Rejonowy dla m. st. Warszawy w\u00a0Warszawie, XIV\u00a0Wydzia\u0142 Gospodarczy Krajowego Rejestru S\u0105dowego pod numerem KRS: 0000632920, NIP: 5223069557, REGON: 365208309, adres miejsca wykonywania dzia\u0142alno\u015bci oraz adres do dor\u0119cze\u0144: ul. Genera\u0142a Grochowskiego 5 lok 64, 05-500 Piaseczno, adres poczty elektronicznej (e-mail): kontakt@hbpremium.pl, telefon: + 48\u00a0603\u00a0053\u00a0534.<br \/>Serwis www.3DREALITY.pl dzia\u0142a na zasadach okre\u015blonych w\u00a0niniejszym Regulaminie.<br \/>Za po\u015brednictwem Serwisu, Us\u0142ugodawca prezentuje nieruchomo\u015bci inwestycyjne oraz umo\u017cliwia dokonanie ich Rezerwacji.<br \/>Serwis www.3DREALITY.pl jest przeznaczony zar\u00f3wno dla U\u017cytkownik\u00f3w b\u0119d\u0105cych Konsumentami, jak i\u00a0dla Przedsi\u0119biorc\u00f3w.<br \/>Regulamin okre\u015bla rodzaje i\u00a0zakres us\u0142ug \u015bwiadczonych drog\u0105 elektroniczn\u0105 przez Serwis www.3DREALITY.pl, zasady \u015bwiadczenia tych us\u0142ug, warunki zawierania i\u00a0rozwi\u0105zywania um\u00f3w o\u00a0\u015bwiadczenie us\u0142ug drog\u0105 elektroniczn\u0105, a\u00a0tak\u017ce tryb post\u0119powania reklamacyjnego.<br \/>Ka\u017cdy Us\u0142ugobiorca z\u00a0chwil\u0105 podj\u0119cia czynno\u015bci zmierzaj\u0105cych do korzystania z\u00a0Us\u0142ug Elektronicznych Serwisu www.3DREALITY.pl, zobowi\u0105zany jest do przestrzegania postanowie\u0144 niniejszego Regulaminu.<br \/>Us\u0142ugodawca jest zobowi\u0105zany do tego, aby tre\u015bci og\u0142osze\u0144 nieruchomo\u015bci prezentowanych w\u00a0Serwisie oraz ich dost\u0119pno\u015b\u0107 by\u0142y aktualne i\u00a0zgodne ze stanem faktycznym.<br \/>W\u00a0sprawach nieuregulowanych w\u00a0niniejszym Regulaminie maj\u0105 zastosowanie przepisy:<br \/>Kodeksu cywilnego,<br \/>Ustawy o\u00a0prawach konsumenta z\u00a0dnia 30 maja 2014 r.,<br \/>Ustawy o\u00a0prawie autorskim i\u00a0prawach pokrewnych z\u00a0dnia 4 lutego 1994 r.,<br \/>Ustawy o\u00a0\u015bwiadczeniu us\u0142ug drog\u0105 elektroniczn\u0105 z\u00a0dnia 18 lipca 2002 r.,<br \/>oraz inne w\u0142a\u015bciwe przepisy prawa polskiego.<br \/>\u00a0<\/p>\n<h5 style=\"text-align: center;\"><strong>II. DEFINICJE<\/strong><\/h5>\n<p>FORMULARZ KONTAKTOWY \u2013 formularz dost\u0119pny na stronie internetowej Serwisu umo\u017cliwiaj\u0105cy wys\u0142anie wiadomo\u015bci do Us\u0142ugodawcy oraz dokonanie Rezerwacji okre\u015blonej nieruchomo\u015bci.<br \/>REZERWACJA \u2013 o\u015bwiadczenie woli Klienta stanowi\u0105ce ofert\u0119, sk\u0142adane za po\u015brednictwem Formularza Kontaktowego lub telefonicznie.<br \/>KLIENT &#8211; Us\u0142ugobiorca, kt\u00f3ry zamierza dokona\u0107 lub dokona\u0142 Rezerwacji nieruchomo\u015bci prezentowanej przez Us\u0142ugodawc\u0119.<br \/>KONSUMENT &#8211; osoba fizyczna, kt\u00f3ra dokonuje z\u00a0przedsi\u0119biorc\u0105 czynno\u015bci prawnej niezwi\u0105zanej bezpo\u015brednio z\u00a0jej dzia\u0142alno\u015bci\u0105 gospodarcz\u0105 lub zawodow\u0105.<br \/>PRZEDSI\u0118BIORCA &#8211; osoba fizyczna, osoba prawna i\u00a0jednostka organizacyjna, o\u00a0kt\u00f3rej mowa w\u00a0art. 331\u00a0\u00a7 1 KC, prowadz\u0105ca we w\u0142asnym imieniu dzia\u0142alno\u015b\u0107 gospodarcz\u0105 lub zawodow\u0105.<br \/>US\u0141UGOBIORCA, U\u017bYTKOWNIK &#8211; osoba fizyczna, osoba prawna albo jednostka organizacyjna nieposiadaj\u0105ca osobowo\u015bci prawnej, kt\u00f3rej ustawa przyznaje zdolno\u015b\u0107 prawn\u0105, korzystaj\u0105ca z\u00a0Us\u0142ugi Elektronicznej.<br \/>US\u0141UGODAWCA \u2013 HB PREMIUM SP\u00d3\u0141KA Z\u00a0OGRANICZON\u0104 ODPOWIEDZIALNO\u015aCI\u0104 SP\u00d3\u0141KA KOMANDYTOWA, numer KRS: 0000632920, NIP: 5223069557, REGON: 365208309, ul. Genera\u0142a Grochowskiego 5\/64, 05-500 Piaseczno.<br \/>SERWIS &#8211; serwis internetowy Us\u0142ugodawcy dzia\u0142aj\u0105cy pod adresem www.3dreality.pl.<br \/>REGULAMIN &#8211; niniejszy regulamin Serwisu.<br \/>PRODUKT \u2013 dost\u0119pne w\u00a0Serwisie nieruchomo\u015bci b\u0119d\u0105ce przedmiotem Rezerwacji mi\u0119dzy Klientem a\u00a0Us\u0142ugodawc\u0105.<br \/>US\u0141UGA ELEKTRONICZNA \u2013 us\u0142uga \u015bwiadczona drog\u0105 elektroniczn\u0105 przez Us\u0142ugodawc\u0119 na rzecz Us\u0142ugobiorcy za po\u015brednictwem Serwisu.<br \/>NEWSLETTER &#8211; Us\u0142uga Elektroniczna pozwalaj\u0105ca Us\u0142ugobiorcy na subskrybowanie i\u00a0otrzymywanie na podany przez Us\u0142ugobiorc\u0119 adres e-mail bezp\u0142atnych informacji pochodz\u0105cych od Us\u0142ugodawcy, dotycz\u0105cych Serwisu.<br \/>WYSZUKIWARKA &#8211; Us\u0142uga Elektroniczna udost\u0119pniona Us\u0142ugobiorcom przez Us\u0142ugodawc\u0119, umo\u017cliwiaj\u0105ca wyszukiwanie okre\u015blonych og\u0142osze\u0144 lub tre\u015bci na podstawie podanych przez Us\u0142ugobiorc\u0119 danych.<br \/>LICENCJA &#8211; umowa licencyjna w\u00a0rozumieniu rozdzia\u0142u 5 ustawy o\u00a0prawie autorskim i\u00a0prawach pokrewnych z\u00a0dnia 4 lutego 1994r.<\/p>\n<p>&nbsp;<\/p>\n<h5 style=\"text-align: center;\"><strong>III. RODZAJ I\u00a0ZAKRES US\u0141UG ELEKTRONICZNYCH<\/strong><\/h5>\n<p>Us\u0142ugodawca umo\u017cliwia za po\u015brednictwem Serwisu korzystanie z\u00a0Us\u0142ug Elektronicznych takich jak:<br \/>Wyszukiwarka,<br \/>Newsletter,<br \/>Wysy\u0142anie wiadomo\u015bci za po\u015brednictwem Formularza Kontaktowego.<br \/>\u015awiadczenie Us\u0142ug na rzecz Us\u0142ugobiorc\u00f3w w\u00a0Serwisie odbywa si\u0119 na warunkach okre\u015blonych w\u00a0Regulaminie.<br \/>Us\u0142ugodawca ma prawo do zamieszczania na stronie Serwisu tre\u015bci reklamowych. Tre\u015bci te stanowi\u0105 integraln\u0105 cz\u0119\u015b\u0107 Serwisu i\u00a0prezentowanych w\u00a0nim materia\u0142\u00f3w.<br \/>\u00a0<\/p>\n<h5 style=\"text-align: center;\"><strong>IV. WARUNKI \u015aWIADCZENIIA I\u00a0ZAWIERANIA UM\u00d3W O\u00a0\u015aWIADCZENIE US\u0141UG ELEKTRONICZNYCH<\/strong><\/h5>\n<p>\u015awiadczenie Us\u0142ug Elektronicznych okre\u015blonych w\u00a0rozdziale III pkt 1 Regulaminu przez Us\u0142ugodawc\u0119 jest nieodp\u0142atne.<br \/>Okres na jaki umowa zostaje zawarta:<br \/>Umowa o\u00a0\u015bwiadczenie Us\u0142ugi Elektronicznej polegaj\u0105cej na korzystaniu z\u00a0Wyszukiwarki, zawierana jest na czas oznaczony i\u00a0ulega rozwi\u0105zaniu z\u00a0chwil\u0105 zaprzestania korzystania z\u00a0tej Us\u0142ugi przez U\u017cytkownika.<br \/>Umowa o\u00a0\u015bwiadczenie Us\u0142ugi Elektronicznej polegaj\u0105cej na korzystaniu z\u00a0Newslettera zawierana jest na czas nieoznaczony.<br \/>Umowa o\u00a0\u015bwiadczenie Us\u0142ugi Elektronicznej polegaj\u0105cej na wysy\u0142aniu wiadomo\u015bci za po\u015brednictwem Formularza Kontaktowego zawierana jest na czas oznaczony i\u00a0ulega rozwi\u0105zaniu z\u00a0chwil\u0105 wys\u0142ania wiadomo\u015bci lub zaprzestania korzystania z\u00a0tej Us\u0142ugi przez U\u017cytkownika.<br \/>Wymagania techniczne niezb\u0119dne do wsp\u00f3\u0142pracy z\u00a0systemem teleinformatycznym, kt\u00f3rym pos\u0142uguje si\u0119 Us\u0142ugodawca:<br \/>Komputer lub urz\u0105dzenie mobilne z\u00a0dost\u0119pem do Internetu,<br \/>dost\u0119p do poczty elektronicznej,<br \/>przegl\u0105darka internetowa,<br \/>w\u0142\u0105czenie w\u00a0przegl\u0105darce internetowej Cookies oraz Javascript.<br \/>Us\u0142ugobiorca zobowi\u0105zany jest do korzystania z\u00a0Serwisu w\u00a0spos\u00f3b zgodny z\u00a0prawem i\u00a0dobrymi obyczajami maj\u0105c na uwadze poszanowanie d\u00f3br osobistych i\u00a0praw w\u0142asno\u015bci intelektualnej os\u00f3b trzecich.<br \/>Us\u0142ugobiorca zobowi\u0105zany jest do wprowadzania danych zgodnych ze stanem faktycznym.<br \/>Us\u0142ugobiorc\u0119 obowi\u0105zuje zakaz dostarczania tre\u015bci o\u00a0charakterze bezprawnym.<\/p>\n<p>&nbsp;<\/p>\n<h5 style=\"text-align: center;\"><strong>V. WARUNKI ROZWI\u0104ZYWANIA UM\u00d3W O\u00a0\u015aWIADCZENIE US\u0141UG ELEKTRONICZNYCH<\/strong><\/h5>\n<p>Wypowiedzenie umowy o\u00a0\u015bwiadczenie Us\u0142ugi Elektronicznej:<br \/>Wypowiedzeniu mo\u017ce ulec umowa o\u00a0\u015bwiadczenie Us\u0142ugi Elektronicznej o\u00a0charakterze ci\u0105g\u0142ym i\u00a0bezterminowym (np. Newsletter).<br \/>Us\u0142ugobiorca mo\u017ce wypowiedzie\u0107 umow\u0119 ze skutkiem natychmiastowym i\u00a0bez wskazywania przyczyn poprzez przes\u0142anie stosownego o\u015bwiadczenia za po\u015brednictwem poczty elektronicznej na adres: kontakt@hbpremium.pl<br \/>Us\u0142ugodawca mo\u017ce wypowiedzie\u0107 umow\u0119 o\u00a0\u015bwiadczenie Us\u0142ugi Elektronicznej o\u00a0charakterze ci\u0105g\u0142ym i\u00a0bezterminowym w\u00a0przypadku, gdy Us\u0142ugobiorca narusza Regulamin, w\u00a0szczeg\u00f3lno\u015bci, gdy dostarcza tre\u015bci o\u00a0charakterze bezprawnym po bezskutecznym wcze\u015bniejszym wezwaniu do zaprzestania narusze\u0144 z\u00a0wyznaczeniem odpowiedniego terminu. Umowa w\u00a0takim wypadku wygasa po up\u0142ywie 7 dni od dnia z\u0142o\u017cenia o\u015bwiadczenia woli o\u00a0jej wypowiedzeniu (okres wypowiedzenia).<br \/>Wypowiedzenie prowadzi do ustania stosunku prawnego ze skutkiem na przysz\u0142o\u015b\u0107.<br \/>Us\u0142ugodawca i\u00a0Us\u0142ugobiorca mog\u0105 rozwi\u0105za\u0107 umow\u0119 o\u00a0\u015bwiadczenie Us\u0142ugi Elektronicznej w\u00a0Serwisie, w\u00a0ka\u017cdym czasie w\u00a0drodze porozumienia stron.<br \/>\u00a0<\/p>\n<h5 style=\"text-align: center;\"><strong>VI. TRYB POST\u0118POWANIA REKLAMACYJNEGO<\/strong><\/h5>\n<p>Reklamacje zwi\u0105zane ze \u015bwiadczeniem Us\u0142ug Elektronicznych przez Us\u0142ugodawc\u0119:<br \/>Reklamacje zwi\u0105zane ze \u015bwiadczeniem Us\u0142ug Elektronicznych za po\u015brednictwem Serwisu Us\u0142ugobiorca mo\u017ce sk\u0142ada\u0107 za po\u015brednictwem poczty elektronicznej na adres: kontakt@hbpremium.pl<br \/>W\u00a0powy\u017cszej wiadomo\u015bci e-mail, nale\u017cy poda\u0107 jak najwi\u0119cej informacji i\u00a0okoliczno\u015bci dotycz\u0105cych przedmiotu reklamacji, w\u00a0szczeg\u00f3lno\u015bci rodzaj i\u00a0dat\u0119 wyst\u0105pienia nieprawid\u0142owo\u015bci oraz dane kontaktowe. Podane informacje znacznie u\u0142atwi\u0105 i\u00a0przyspiesz\u0105 rozpatrzenie reklamacji przez Us\u0142ugodawc\u0119.<br \/>Rozpatrzenie reklamacji przez Us\u0142ugodawc\u0119 nast\u0119puje niezw\u0142ocznie, nie p\u00f3\u017aniej ni\u017c w\u00a0terminie 14 dni.<br \/>Odpowied\u017a Us\u0142ugodawcy w\u00a0sprawie reklamacji jest wysy\u0142ana na adres e-mail Us\u0142ugobiorcy podany w\u00a0zg\u0142oszeniu reklamacyjnym lub w\u00a0inny podany przez Us\u0142ugobiorc\u0119 spos\u00f3b.<\/p>\n<p>&nbsp;<\/p>\n<h5 style=\"text-align: center;\"><strong>VII. W\u0141ASNO\u015a\u0106 INTELEKTUALNA<\/strong><\/h5>\n<p>Wszystkie tre\u015bci zamieszczone na stronie internetowej pod adresem www.3DREALITY.pl korzystaj\u0105 z\u00a0ochrony prawnoautorskiej i\u00a0(z wyj\u0105tkiem tre\u015bci zamieszczanych przez Us\u0142ugobiorc\u00f3w oraz element\u00f3w wykorzystywanych na zasadach licencji, przeniesienia praw autorskich lub dozwolonego u\u017cytku) s\u0105 w\u0142asno\u015bci\u0105 HB PREMIUM Sp\u00f3\u0142ki z\u00a0ograniczon\u0105 odpowiedzialno\u015bci\u0105 Sp.K. wpisanej do rejestru przedsi\u0119biorc\u00f3w prowadzonego przez S\u0105d Rejonowy dla m. st. Warszawy w\u00a0Warszawie, XIV\u00a0Wydzia\u0142 Gospodarczy Krajowego Rejestru S\u0105dowego pod numerem KRS: 0000632920, NIP: 5223069557, REGON: 365208309. Us\u0142ugobiorca ponosi pe\u0142n\u0105 odpowiedzialno\u015b\u0107 za szkod\u0119 wyrz\u0105dzon\u0105 Us\u0142ugodawcy, b\u0119d\u0105c\u0105 nast\u0119pstwem u\u017cycia jakiejkolwiek zawarto\u015bci strony www.3DREALITY.pl, bez zgody Us\u0142ugodawcy.<br \/>Jakiekolwiek wykorzystanie przez kogokolwiek, bez wyra\u017anej pisemnej zgody Us\u0142ugodawcy, kt\u00f3regokolwiek z\u00a0element\u00f3w sk\u0142adaj\u0105cych si\u0119 na tre\u015b\u0107 oraz zawarto\u015b\u0107 strony www.3DREALITY.pl stanowi naruszenie prawa autorskiego przys\u0142uguj\u0105cego Us\u0142ugodawcy i\u00a0skutkuje odpowiedzialno\u015bci\u0105 cywilnoprawn\u0105 oraz karn\u0105.<br \/>Wszystkie nazwy handlowe, nazwy produkt\u00f3w, firm i\u00a0ich logo u\u017cyte na stronie internetowej Serwisu pod adresem www.3DREALITY.pl nale\u017c\u0105 do ich w\u0142a\u015bcicieli i\u00a0s\u0105 u\u017cywane wy\u0142\u0105cznie w\u00a0celach identyfikacyjnych. Mog\u0105 by\u0107 one zastrze\u017conymi znakami towarowymi. Wszystkie materia\u0142y, opisy i\u00a0zdj\u0119cia prezentowane na stronie internetowej Serwisu pod adresem www.3DREALITY.pl u\u017cyte s\u0105 w\u00a0celach informacyjnych.<\/p>\n<p>&nbsp;<\/p>\n<h5 style=\"text-align: center;\"><strong>VIII. ODPOWIEDZIALNO\u015a\u0106<\/strong><\/h5>\n<p>Us\u0142ugodawca podejmuje wszelkie dost\u0119pne mu \u015brodki, w\u00a0celu ochrony danych U\u017cytkownik\u00f3w.<br \/>Us\u0142ugodawca jest zobowi\u0105zany do\u0142o\u017cy\u0107 wszelkich stara\u0144, aby dane dost\u0119pne w\u00a0Serwisie by\u0142y kompletne i\u00a0aktualne oraz prezentowane z\u00a0nale\u017cyt\u0105 staranno\u015bci\u0105, z\u00a0uwzgl\u0119dnieniem istniej\u0105cych okoliczno\u015bci faktycznych i\u00a0prawnych, w\u00a0granicach dopuszczalnych przez prawo i\u00a0przy pe\u0142nym poszanowaniu praw Konsumenta.<br \/>U\u017cytkownicy ponosz\u0105 pe\u0142n\u0105 odpowiedzialno\u015b\u0107 za z\u0142amanie prawa b\u0105d\u017a szkod\u0119 wywo\u0142an\u0105 ich dzia\u0142aniami w\u00a0Serwisie, w\u00a0szczeg\u00f3lno\u015bci podaniem nieprawdziwych danych, ujawnieniem informacji niejawnej lub innych tajemnic ustawowo chronionych, naruszeniem d\u00f3br osobistych lub praw autorskich oraz praw pokrewnych, a\u00a0tak\u017ce przetwarzaniem danych osobowych U\u017cytkownik\u00f3w niezgodnie z\u00a0celami Serwisu lub z\u00a0naruszeniem przepis\u00f3w o\u00a0ochronie danych osobowych.<br \/>Us\u0142ugodawca zobowi\u0105zuje si\u0119 w\u00a0miar\u0119 mo\u017cliwo\u015bci informowa\u0107 z\u00a0wyprzedzeniem U\u017cytkownik\u00f3w o\u00a0mo\u017cliwych zak\u0142\u00f3ceniach w\u00a0funkcjonowaniu Serwisu, w\u00a0szczeg\u00f3lno\u015bci o\u00a0przerwach w\u00a0dost\u0119pie.<br \/>Us\u0142ugodawca nie jest odpowiedzialny w\u00a0stosunku do Us\u0142ugobiorc\u00f3w nieb\u0119d\u0105cych Konsumentami:<br \/>za jakiekolwiek szkody i\u00a0straty bezpo\u015brednio lub po\u015brednio (\u0142\u0105cznie ze szkodami z\u00a0tytu\u0142u utraty zysk\u00f3w z\u00a0prowadzenia przedsi\u0119biorstwa, przerw w\u00a0dzia\u0142alno\u015bci przedsi\u0119biorstwa lub utraty informacji gospodarczej oraz innymi szkodami o\u00a0charakterze maj\u0105tkowym), powsta\u0142e z\u00a0powodu u\u017cycia, niemo\u017cliwo\u015bci u\u017cycia lub b\u0142\u0119dnego dzia\u0142ania oprogramowania Serwisu, szkody powsta\u0142e w\u00a0wyniku wy\u0142\u0105czenia lub awarii systemu teleinformatycznego, awarii sieci energetycznej,<br \/>w\u00a0zwi\u0105zku z\u00a0niew\u0142a\u015bciwym korzystaniem z\u00a0Serwisu przez Us\u0142ugobiorc\u0119 nieb\u0119d\u0105cego Konsumentem oraz nieprawid\u0142owym funkcjonowaniem sprz\u0119tu komputerowego, oprogramowania komputerowego czy te\u017c systemu \u0142\u0105czno\u015bci, za pomoc\u0105 kt\u00f3rych Us\u0142ugobiorca \u0142\u0105czy si\u0119 z\u00a0systemem Serwisu,<br \/>za ewentualne szkody powsta\u0142e w\u00a0wyniku b\u0142\u0119d\u00f3w, awarii i\u00a0przerw w\u00a0funkcjonowaniu Serwisu lub spowodowane nieprawid\u0142owym zapisem lub odczytem danych pobieranych przez Us\u0142ugobiorc\u00f3w,<br \/>za zak\u0142\u00f3cenia w\u00a0prawid\u0142owym funkcjonowaniu Serwisu, a\u00a0tak\u017ce utrat\u0119 danych Us\u0142ugobiorc\u00f3w nieb\u0119d\u0105cych Konsumentami powsta\u0142e w\u00a0wyniku dzia\u0142ania si\u0142y wy\u017cszej lub os\u00f3b trzecich,<br \/>za niemo\u017cno\u015b\u0107 zalogowania si\u0119 w\u00a0systemie Serwisu spowodowan\u0105 w\u00a0szczeg\u00f3lno\u015bci: jako\u015bci\u0105 po\u0142\u0105czenia, awari\u0105 systemu teleinformatycznego lub sieci energetycznej, b\u0142\u0119dn\u0105 konfiguracj\u0105 oprogramowania Us\u0142ugobiorc\u00f3w nieb\u0119d\u0105cych Konsumentami,<br \/>za skutki zwi\u0105zane z\u00a0utrat\u0105 has\u0142a.<br \/>\u00a0<\/p>\n<h5 style=\"text-align: center;\"><strong>IX. POSTANOWIENIA KO\u0143COWE<\/strong><\/h5>\n<p>Umowy zawierane poprzez Serwis zawierane s\u0105 zgodnie z\u00a0prawem polskim.<br \/>Zmiany dokonane w\u00a0Regulaminie Serwisu przez Us\u0142ugodawc\u0119, wi\u0105\u017c\u0105 Us\u0142ugobiorc\u0119, pod warunkiem, i\u017c zosta\u0142 on prawid\u0142owo poinformowany o\u00a0zmianach i\u00a0nie wypowiedzia\u0142 umowy o\u00a0\u015bwiadczenie us\u0142ug drog\u0105 elektroniczn\u0105 w\u00a0terminie 14 dni od dnia powiadomienia Us\u0142ugobiorcy o\u00a0zmianach przez Serwis.<br \/>Wszelkie spory wynik\u0142e mi\u0119dzy Us\u0142ugodawc\u0105, a\u00a0Us\u0142ugobiorcami b\u0119d\u0105 rozstrzygane w\u00a0pierwszej kolejno\u015bci na drodze negocjacji, z\u00a0intencj\u0105 polubownego zako\u0144czenia sporu. Je\u015bli jednak nie by\u0142oby to mo\u017cliwe, lub te\u017c by\u0142oby niesatysfakcjonuj\u0105ce dla kt\u00f3rejkolwiek ze stron, spory b\u0119d\u0105 rozstrzygane przez w\u0142a\u015bciwy s\u0105d powszechny, zgodnie z\u00a0pkt 4 niniejszego rozdzia\u0142u.<br \/>S\u0105dowe rozstrzyganie spor\u00f3w:<br \/>Ewentualne spory powsta\u0142e pomi\u0119dzy Us\u0142ugodawc\u0105, a\u00a0Us\u0142ugobiorc\u0105 b\u0119d\u0105cym jednocze\u015bnie Konsumentem zostaj\u0105 poddane s\u0105dom w\u0142a\u015bciwym zgodnie z\u00a0przepisami kodeksu post\u0119powania cywilnego z\u00a0dnia 17 listopada 1964 r.<br \/>Ewentualne spory powsta\u0142e pomi\u0119dzy Us\u0142ugodawc\u0105, a\u00a0Us\u0142ugobiorc\u0105 nieb\u0119d\u0105cym jednocze\u015bnie Konsumentem zostaj\u0105 poddane s\u0105dowi w\u0142a\u015bciwemu ze wzgl\u0119du na miejsce siedziby Us\u0142ugodawcy.<br \/>Us\u0142ugobiorca b\u0119d\u0105cy Konsumentem ma r\u00f3wnie\u017c prawo do skorzystania z\u00a0pozas\u0105dowych sposob\u00f3w rozstrzygania spor\u00f3w w\u00a0szczeg\u00f3lno\u015bci poprzez z\u0142o\u017cenie po zako\u0144czeniu post\u0119powania reklamacyjnego wniosku o\u00a0wszcz\u0119cie mediacji lub wniosku o\u00a0rozpatrzenie sprawy przez s\u0105d polubowny (wniosek mo\u017cna pobra\u0107 na stronie internetowej http:\/\/www.uokik.gov.pl\/download.php?plik=6223). Wykaz Sta\u0142ych Polubownych S\u0105d\u00f3w Konsumenckich dzia\u0142aj\u0105cych przy Wojew\u00f3dzkich Inspektoratach Inspekcji Handlowej dost\u0119pny jest na stronie internetowej: http:\/\/www.uokik.gov.pl\/wazne_adresy.php#faq596). Konsument mo\u017ce skorzysta\u0107 tak\u017ce z\u00a0bezp\u0142atnej pomocy powiatowego (miejskiego) rzecznika konsument\u00f3w lub organizacji spo\u0142ecznej, do kt\u00f3rej zada\u0144 statutowych nale\u017cy ochrona konsument\u00f3w.\u00a0 Pozas\u0105dowe dochodzenie roszcze\u0144 po zako\u0144czeniu post\u0119powania reklamacyjnego jest bezp\u0142atne.<br \/>Konsument w\u00a0celu polubownego rozwi\u0105zania sporu mo\u017ce w\u00a0szczeg\u00f3lno\u015bci z\u0142o\u017cy\u0107 skarg\u0119 za po\u015brednictwem platformy internetowej ODR (Online Dispute Resolution), dost\u0119pnej pod adresem:\u00a0http:\/\/ec.europa.eu\/consumers\/odr\/.<\/p>\n<!-- \/wp:paragraph -->\t\t\t\t\t\t<\/div>\n\t\t\t\t<\/div>\n\t\t\t\t\t<\/div>\n\t\t<\/div>\n\t\t\t\t\t\t\t<\/div>\n\t\t<\/section>\n\t\t\t\t\t\t<\/div>\n\t\t\t\t\t<\/div>\n\t\t","protected":false},"excerpt":{"rendered":"<p>Regulamin Przed rozpocz\u0119ciem korzystania z\u00a0serwisu internetowego www.3DREALITY.pl Us\u0142ugobiorcy s\u0105 zobowi\u0105zani zapozna\u0107 si\u0119 z\u00a0tre\u015bci\u0105 Regulaminu. REGULAMIN SERWISU INTERNETOWEGO WWW.3DREALITY.PL\u00a0 I. Postanowienia og\u00f3lneII. DefinicjeIII. Rodzaj i\u00a0zakres us\u0142ug elektronicznychIV. Warunki \u015bwiadczenia i\u00a0zawierania um\u00f3w o\u00a0\u015bwiadczenie us\u0142ug elektronicznychV. Warunki rozwi\u0105zywania um\u00f3w o\u00a0\u015bwiadczenie us\u0142ug elektronicznychVI. Tryb post\u0119powania reklamacyjnegoVII. W\u0142asno\u015b\u0107 intelektualnaVIII. Odpowiedzialno\u015b\u0107IX. Postanowienia ko\u0144cowe &nbsp; I. POSTANOWIENIA OG\u00d3LNE Serwis internetowy dzia\u0142aj\u0105cy pod &hellip;<\/p>\n<p class=\"read-more\"> <a class=\"\" href=\"https:\/\/hbpremium.pl\/3dreality\/regulamin\/\"> <span class=\"screen-reader-text\">Regulamin<\/span> Read More &raquo;<\/a><\/p>\n","protected":false},"author":1,"featured_media":0,"parent":0,"menu_order":0,"comment_status":"closed","ping_status":"closed","template":"","meta":{"site-sidebar-layout":"no-sidebar","site-content-layout":"page-builder","ast-main-header-display":"","ast-hfb-above-header-display":"","ast-hfb-below-header-display":"","ast-hfb-mobile-header-display":"","site-post-title":"disabled","ast-breadcrumbs-content":"disabled","ast-featured-img":"disabled","footer-sml-layout":"","theme-transparent-header-meta":"enabled","adv-header-id-meta":"","stick-header-meta":"","header-above-stick-meta":"","header-main-stick-meta":"","header-below-stick-meta":""},"_links":{"self":[{"href":"https:\/\/hbpremium.pl\/3dreality\/wp-json\/wp\/v2\/pages\/632"}],"collection":[{"href":"https:\/\/hbpremium.pl\/3dreality\/wp-json\/wp\/v2\/pages"}],"about":[{"href":"https:\/\/hbpremium.pl\/3dreality\/wp-json\/wp\/v2\/types\/page"}],"author":[{"embeddable":true,"href":"https:\/\/hbpremium.pl\/3dreality\/wp-json\/wp\/v2\/users\/1"}],"replies":[{"embeddable":true,"href":"https:\/\/hbpremium.pl\/3dreality\/wp-json\/wp\/v2\/comments?post=632"}],"version-history":[{"count":17,"href":"https:\/\/hbpremium.pl\/3dreality\/wp-json\/wp\/v2\/pages\/632\/revisions"}],"predecessor-version":[{"id":842,"href":"https:\/\/hbpremium.pl\/3dreality\/wp-json\/wp\/v2\/pages\/632\/revisions\/842"}],"wp:attachment":[{"href":"https:\/\/hbpremium.pl\/3dreality\/wp-json\/wp\/v2\/media?parent=632"}],"curies":[{"name":"wp","href":"https:\/\/api.w.org\/{rel}","templated":true}]}}